{"id":25993015,"date":"2025-08-05T13:43:26","date_gmt":"2025-08-05T12:43:26","guid":{"rendered":"https:\/\/www.onelifetrips.com\/blog\/"},"modified":"2025-11-04T03:17:04","modified_gmt":"2025-11-04T02:17:04","slug":"blog","status":"publish","type":"page","link":"https:\/\/www.onelifetrips.com\/fr\/blog\/","title":{"rendered":"Blog"},"content":{"rendered":"<p><div class=\"et_d4_element et_pb_section et_pb_section_0 et_pb_with_background  et_pb_css_mix_blend_mode et_section_regular section_has_divider et_pb_bottom_divider et_block_section\" >\n\t\t\t\t\n\t\t\t\t\n\t\t\t\t\n\t\t\t\t\n\t\t\t\t\n\t\t\t\t\n\t\t\t\t<div class=\"et_d4_element et_pb_row et_pb_row_0  et_pb_css_mix_blend_mode et_block_row\">\n\t\t\t\t<div class=\"et_d4_element et_pb_column_4_4 et_pb_column et_pb_column_0  et_pb_css_mix_blend_mode et-last-child et_block_column\">\n\t\t\t\t\n\t\t\t\t\n\t\t\t\t\n\t\t\t\t\n\t\t\t\t<div class=\"et_pb_module et_d4_element et_pb_text et_pb_text_0  et_pb_text_align_left et_pb_bg_layout_light\">\n\t\t\t\t\n\t\t\t\t\n\t\t\t\t\n\t\t\t\t\n\t\t\t\t<div class=\"et_pb_text_inner\"><h1 class=\"et_pb_module_header\">Blog<\/h1><\/div>\n\t\t\t<\/div>\n\t\t\t<\/div>\n\t\t\t\t\n\t\t\t\t\n\t\t\t\t\n\t\t\t\t\n\t\t\t<\/div>\n\t\t\t\t\n\t\t\t\t<div class=\"et_pb_bottom_inside_divider et-no-transition\"><\/div>\n\t\t\t<\/div><div class=\"et_d4_element et_pb_section et_pb_section_1  et_pb_css_mix_blend_mode et_section_regular et_block_section\" >\n\t\t\t\t\n\t\t\t\t\n\t\t\t\t\n\t\t\t\t\n\t\t\t\t\n\t\t\t\t\n\t\t\t\t<div class=\"et_d4_element et_pb_row et_pb_row_1  et_pb_css_mix_blend_mode et_block_row\">\n\t\t\t\t<div class=\"et_d4_element et_pb_column_4_4 et_pb_column et_pb_column_1  et_pb_css_mix_blend_mode et-last-child et_block_column\">\n\t\t\t\t\n\t\t\t\t\n\t\t\t\t\n\t\t\t\t\n\t\t\t\t<div class=\"et_pb_with_border et_pb_module et_d4_element difl_cptfilter difl_cptfilter_0 left_bar\">\n\t\t\t\t\n\t\t\t\t\n\t\t\t\t\n\t\t\t\t\n\t\t\t\t\n\t\t\t\t\n\t\t\t\t<div class=\"et_pb_module_inner\">\n\t\t\t\t\t<div class=\"df_cptfilter_container df_filter_sidebar\" data-settings='{\"layout\":\"fitRows\"}'>\n                            <div class=\"filter_section df_phn_resp \" data-top='0'><div class=\"filter_wrapper\"><div class=\"filter_elements\"><\/div>\n                            <div class=\"filter_field_wrapper\"><div class=\"search_bar\">\n                        <input type=\"text\" name=\"df_search_filter\" placeholder=\"Rechercher\" class=\"df_search_filter_input\"\/>\n                        <span class=\"search_bar_button\">\n                            <span class=\"et-pb-icon search_icon\">&#x55;<\/span>\n                        <\/span>\n                    <\/div> <ul class=\"multi_filter_container\">\n                    <li class=\"multiple_taxonomy_filter\">\n                    \t<div class=\"checkbox_container\" id=\"category\">\n\t                        <span class=\"multi_filter_label\">Cat\u00e9gories<\/span>\n\t                        \n\t\t\t\t\t\t\t<label class=\"checkbox_content\">Choses \u00e0 faire\n\t\t\t\t\t\t\t  <input type=\"checkbox\"  data-value=\"choses-a-faire\">\n\t\t\t\t\t\t\t  <span class=\"checkmark\"><\/span>\n\t\t\t\t\t\t\t<\/label>\n\t\t\t\t\t\t\t<label class=\"checkbox_content\">Conseils de voyage\n\t\t\t\t\t\t\t  <input type=\"checkbox\"  data-value=\"conseils-de-voyage\">\n\t\t\t\t\t\t\t  <span class=\"checkmark\"><\/span>\n\t\t\t\t\t\t\t<\/label>\n\t\t\t\t\t\t\t<label class=\"checkbox_content\">Cuisine &amp; Boissons\n\t\t\t\t\t\t\t  <input type=\"checkbox\"  data-value=\"cuisine-boissons\">\n\t\t\t\t\t\t\t  <span class=\"checkmark\"><\/span>\n\t\t\t\t\t\t\t<\/label>\n\t\t\t\t\t\t\t<label class=\"checkbox_content\">Culture &amp; Patrimoine\n\t\t\t\t\t\t\t  <input type=\"checkbox\"  data-value=\"culture-patrimoine\">\n\t\t\t\t\t\t\t  <span class=\"checkmark\"><\/span>\n\t\t\t\t\t\t\t<\/label>\n\t\t\t\t\t\t\t<label class=\"checkbox_content\">Populaire\n\t\t\t\t\t\t\t  <input type=\"checkbox\"  data-value=\"populaire\">\n\t\t\t\t\t\t\t  <span class=\"checkmark\"><\/span>\n\t\t\t\t\t\t\t<\/label>\n                    \t<\/div> \n                    <\/li>\n                    \n                    <li class=\"multiple_taxonomy_filter\">\n                    \t<div class=\"checkbox_container\" id=\"post_tag\">\n\t                        <span class=\"multi_filter_label\">\u00c9tiquettes<\/span>\n\t                        \n\t\t\t\t\t\t\t<label class=\"checkbox_content\">Adapt\u00e9 aux familles\n\t\t\t\t\t\t\t  <input type=\"checkbox\"  data-value=\"adapte-aux-familles\">\n\t\t\t\t\t\t\t  <span class=\"checkmark\"><\/span>\n\t\t\t\t\t\t\t<\/label>\n\t\t\t\t\t\t\t<label class=\"checkbox_content\">Attractions\n\t\t\t\t\t\t\t  <input type=\"checkbox\"  data-value=\"attractions\">\n\t\t\t\t\t\t\t  <span class=\"checkmark\"><\/span>\n\t\t\t\t\t\t\t<\/label>\n\t\t\t\t\t\t\t<label class=\"checkbox_content\">Conseils pratiques\n\t\t\t\t\t\t\t  <input type=\"checkbox\"  data-value=\"conseils-pratiques\">\n\t\t\t\t\t\t\t  <span class=\"checkmark\"><\/span>\n\t\t\t\t\t\t\t<\/label>\n\t\t\t\t\t\t\t<label class=\"checkbox_content\">Cuisine de rue\n\t\t\t\t\t\t\t  <input type=\"checkbox\"  data-value=\"cuisine-de-rue\">\n\t\t\t\t\t\t\t  <span class=\"checkmark\"><\/span>\n\t\t\t\t\t\t\t<\/label>\n\t\t\t\t\t\t\t<label class=\"checkbox_content\">D\u00e9couvrez le Maroc\n\t\t\t\t\t\t\t  <input type=\"checkbox\"  data-value=\"decouvrez-le-maroc\">\n\t\t\t\t\t\t\t  <span class=\"checkmark\"><\/span>\n\t\t\t\t\t\t\t<\/label>\n\t\t\t\t\t\t\t<label class=\"checkbox_content\">Douceurs sucr\u00e9es\n\t\t\t\t\t\t\t  <input type=\"checkbox\"  data-value=\"douceurs-sucrees\">\n\t\t\t\t\t\t\t  <span class=\"checkmark\"><\/span>\n\t\t\t\t\t\t\t<\/label>\n\t\t\t\t\t\t\t<label class=\"checkbox_content\">Histoire\n\t\t\t\t\t\t\t  <input type=\"checkbox\"  data-value=\"histoire\">\n\t\t\t\t\t\t\t  <span class=\"checkmark\"><\/span>\n\t\t\t\t\t\t\t<\/label>\n\t\t\t\t\t\t\t<label class=\"checkbox_content\">Les plus lus\n\t\t\t\t\t\t\t  <input type=\"checkbox\"  data-value=\"les-plus-lus\">\n\t\t\t\t\t\t\t  <span class=\"checkmark\"><\/span>\n\t\t\t\t\t\t\t<\/label>\n\t\t\t\t\t\t\t<label class=\"checkbox_content\">Lieux incontournables pour la photographie\n\t\t\t\t\t\t\t  <input type=\"checkbox\"  data-value=\"lieux-incontournables-pour-la-photographie\">\n\t\t\t\t\t\t\t  <span class=\"checkmark\"><\/span>\n\t\t\t\t\t\t\t<\/label>\n\t\t\t\t\t\t\t<label class=\"checkbox_content\">Meilleure p\u00e9riode pour visiter\n\t\t\t\t\t\t\t  <input type=\"checkbox\"  data-value=\"meilleure-periode-pour-visiter\">\n\t\t\t\t\t\t\t  <span class=\"checkmark\"><\/span>\n\t\t\t\t\t\t\t<\/label>\n\t\t\t\t\t\t\t<label class=\"checkbox_content\">Nourriture marocaine\n\t\t\t\t\t\t\t  <input type=\"checkbox\"  data-value=\"nourriture-marocaine\">\n\t\t\t\t\t\t\t  <span class=\"checkmark\"><\/span>\n\t\t\t\t\t\t\t<\/label>\n\t\t\t\t\t\t\t<label class=\"checkbox_content\">Traditions\n\t\t\t\t\t\t\t  <input type=\"checkbox\"  data-value=\"traditions\">\n\t\t\t\t\t\t\t  <span class=\"checkmark\"><\/span>\n\t\t\t\t\t\t\t<\/label>\n\t\t\t\t\t\t\t<label class=\"checkbox_content\">V\u00e9g\u00e9talien &amp; V\u00e9g\u00e9tarien\n\t\t\t\t\t\t\t  <input type=\"checkbox\"  data-value=\"vegetalien-vegetarien\">\n\t\t\t\t\t\t\t  <span class=\"checkmark\"><\/span>\n\t\t\t\t\t\t\t<\/label>\n\t\t\t\t\t\t\t<label class=\"checkbox_content\">Vie locale\n\t\t\t\t\t\t\t  <input type=\"checkbox\"  data-value=\"vie-locale\">\n\t\t\t\t\t\t\t  <span class=\"checkmark\"><\/span>\n\t\t\t\t\t\t\t<\/label>\n\t\t\t\t\t\t\t<label class=\"checkbox_content\">Voyage en solo\n\t\t\t\t\t\t\t  <input type=\"checkbox\"  data-value=\"voyage-en-solo\">\n\t\t\t\t\t\t\t  <span class=\"checkmark\"><\/span>\n\t\t\t\t\t\t\t<\/label>\n                    \t<\/div> \n                    <\/li>\n                      <\/ul><\/div>\n                            <\/div><\/div>\n                            <div class=\"df-cpts-wrap layout-fitRows\"><div class=\"df-cpts-inner-wrap\">            <article id=\"post-25993307\" class=\"df-cpt-item v2 df-equal-height post-25993307 post type-post status-publish format-standard has-post-thumbnail hentry category-choses-a-faire tag-adapte-aux-familles tag-attractions tag-cuisine-de-rue tag-les-plus-lus tag-vie-locale tag-voyage-en-solo\" data-height='auto' data-order=\"1755922417\" onclick=\"location.href='https:\/\/www.onelifetrips.com\/fr\/guide-jemaa-el-fna-premiere-visite\/'\" style=\"cursor:pointer;\">\n                <div class=\"df-cpt-outer-wrap df-hover-trigger\"\n                    >\n                                        <div class=\"df-cpt-inner-wrap\">\n                        <div class=\"df-item-wrap df-cpt-image-wrap difl_cptitem_0 \">\n                    \n                    <a class=\"df-hover-effect no-image-scale\" href=\"https:\/\/www.onelifetrips.com\/fr\/guide-jemaa-el-fna-premiere-visite\/\"><img loading=\"lazy\" decoding=\"async\" src=\"https:\/\/www.onelifetrips.com\/wp-content\/uploads\/2025\/08\/Jemaa-El-Fna-square-First-Time-Visitors-guide-400x250.jpg\" alt=\"Guide rapide de Jemaa el-Fna pour une premi\u00e8re visite\" class=\"\" width=\"400\" height=\"250\" \/><\/a>\n                <\/div><span class=\"df-item-wrap df-cpt-taxonomies difl_cptitem_1 \">\n                 <span class=\"et-pb-icon\">&#xf02d;<\/span>  <a href=\"https:\/\/www.onelifetrips.com\/fr\/category\/choses-a-faire\/\" rel=\"tag\">Choses \u00e0 faire<\/a> \n            <\/span><span class=\"df-item-wrap df-cpt-date-wrap difl_cptitem_2 \"> <span class=\"et-pb-icon\">&#xf073;<\/span> Ao\u00fbt 23, 2025<\/span><span class=\"df-item-wrap df-cpt-taxonomies difl_cptitem_3 \">\n                 <span class=\"et-pb-icon\">&#xe07c;<\/span>  <a href=\"https:\/\/www.onelifetrips.com\/fr\/tag\/adapte-aux-familles\/\" rel=\"tag\">Adapt\u00e9 aux familles<\/a>, <a href=\"https:\/\/www.onelifetrips.com\/fr\/tag\/attractions\/\" rel=\"tag\">Attractions<\/a>, <a href=\"https:\/\/www.onelifetrips.com\/fr\/tag\/cuisine-de-rue\/\" rel=\"tag\">Cuisine de rue<\/a>, <a href=\"https:\/\/www.onelifetrips.com\/fr\/tag\/les-plus-lus\/\" rel=\"tag\">Les plus lus<\/a>, <a href=\"https:\/\/www.onelifetrips.com\/fr\/tag\/vie-locale\/\" rel=\"tag\">Vie locale<\/a>, <a href=\"https:\/\/www.onelifetrips.com\/fr\/tag\/voyage-en-solo\/\" rel=\"tag\">Voyage en solo<\/a> \n            <\/span><div class=\"df-item-wrap df-cpt-title-wrap difl_cptitem_4 \">\n                \n                <h3 class=\"df-cpt-title\">\n                    <a href=\"https:\/\/www.onelifetrips.com\/fr\/guide-jemaa-el-fna-premiere-visite\/\">\n                        Guide rapide de Jemaa el-Fna pour une premi\u00e8re visite\n                    <\/a>\n                <\/h3>\n            <\/div><div class=\"df-item-wrap df-cpt-content-wrap difl_cptitem_5 \"><p>Aucun voyage \u00e0 Marrakech n'est complet sans une promenade (ou trois) \u00e0 travers Jemaa el-Fna. C'est le c\u0153ur battant de la ville\u00a0: chaotique, color\u00e9,...<\/p>\n<\/div>                    <\/div>\n                <\/div>\n            <\/article>\n                        <article id=\"post-25993309\" class=\"df-cpt-item v2 df-equal-height post-25993309 post type-post status-publish format-standard has-post-thumbnail hentry category-conseils-de-voyage tag-conseils-pratiques tag-les-plus-lus tag-meilleure-periode-pour-visiter\" data-height='auto' data-order=\"1755922009\" onclick=\"location.href='https:\/\/www.onelifetrips.com\/fr\/meilleure-periode-visiter-marrakech\/'\" style=\"cursor:pointer;\">\n                <div class=\"df-cpt-outer-wrap df-hover-trigger\"\n                    >\n                                        <div class=\"df-cpt-inner-wrap\">\n                        <div class=\"df-item-wrap df-cpt-image-wrap difl_cptitem_0 \">\n                    \n                    <a class=\"df-hover-effect no-image-scale\" href=\"https:\/\/www.onelifetrips.com\/fr\/meilleure-periode-visiter-marrakech\/\"><img loading=\"lazy\" decoding=\"async\" src=\"https:\/\/www.onelifetrips.com\/wp-content\/uploads\/2025\/08\/Best-time-to-visit-Marrakech-400x250.webp\" alt=\"Meilleure p\u00e9riode de l\u2019ann\u00e9e pour visiter Marrakech (aper\u00e7u rapide)\" class=\"\" width=\"400\" height=\"250\" \/><\/a>\n                <\/div><span class=\"df-item-wrap df-cpt-taxonomies difl_cptitem_1 \">\n                 <span class=\"et-pb-icon\">&#xf02d;<\/span>  <a href=\"https:\/\/www.onelifetrips.com\/fr\/category\/conseils-de-voyage\/\" rel=\"tag\">Conseils de voyage<\/a> \n            <\/span><span class=\"df-item-wrap df-cpt-date-wrap difl_cptitem_2 \"> <span class=\"et-pb-icon\">&#xf073;<\/span> Ao\u00fbt 23, 2025<\/span><span class=\"df-item-wrap df-cpt-taxonomies difl_cptitem_3 \">\n                 <span class=\"et-pb-icon\">&#xe07c;<\/span>  <a href=\"https:\/\/www.onelifetrips.com\/fr\/tag\/conseils-pratiques\/\" rel=\"tag\">Conseils pratiques<\/a>, <a href=\"https:\/\/www.onelifetrips.com\/fr\/tag\/les-plus-lus\/\" rel=\"tag\">Les plus lus<\/a>, <a href=\"https:\/\/www.onelifetrips.com\/fr\/tag\/meilleure-periode-pour-visiter\/\" rel=\"tag\">Meilleure p\u00e9riode pour visiter<\/a> \n            <\/span><div class=\"df-item-wrap df-cpt-title-wrap difl_cptitem_4 \">\n                \n                <h3 class=\"df-cpt-title\">\n                    <a href=\"https:\/\/www.onelifetrips.com\/fr\/meilleure-periode-visiter-marrakech\/\">\n                        Meilleure p\u00e9riode de l\u2019ann\u00e9e pour visiter Marrakech (aper\u00e7u rapide)\n                    <\/a>\n                <\/h3>\n            <\/div><div class=\"df-item-wrap df-cpt-content-wrap difl_cptitem_5 \"><p>L\u2019une des premi\u00e8res questions que se posent les voyageurs avant de r\u00e9server leurs vols est la suivante\u00a0: \u00ab\u00a0Quelle est la meilleure p\u00e9riode pour...<\/p>\n<\/div>                    <\/div>\n                <\/div>\n            <\/article>\n                        <article id=\"post-25993311\" class=\"df-cpt-item v2 df-equal-height post-25993311 post type-post status-publish format-standard has-post-thumbnail hentry category-choses-a-faire tag-attractions tag-decouvrez-le-maroc tag-les-plus-lus\" data-height='auto' data-order=\"1755921774\" onclick=\"location.href='https:\/\/www.onelifetrips.com\/fr\/pourquoi-visiter-marrakech\/'\" style=\"cursor:pointer;\">\n                <div class=\"df-cpt-outer-wrap df-hover-trigger\"\n                    >\n                                        <div class=\"df-cpt-inner-wrap\">\n                        <div class=\"df-item-wrap df-cpt-image-wrap difl_cptitem_0 \">\n                    \n                    <a class=\"df-hover-effect no-image-scale\" href=\"https:\/\/www.onelifetrips.com\/fr\/pourquoi-visiter-marrakech\/\"><img loading=\"lazy\" decoding=\"async\" src=\"https:\/\/www.onelifetrips.com\/wp-content\/uploads\/2025\/05\/Things-to-do-in-Marrakech-400x250.jpg\" alt=\"9 raisons de visiter Marrakech au moins une fois dans votre vie\" class=\"\" width=\"400\" height=\"250\" \/><\/a>\n                <\/div><span class=\"df-item-wrap df-cpt-taxonomies difl_cptitem_1 \">\n                 <span class=\"et-pb-icon\">&#xf02d;<\/span>  <a href=\"https:\/\/www.onelifetrips.com\/fr\/category\/choses-a-faire\/\" rel=\"tag\">Choses \u00e0 faire<\/a> \n            <\/span><span class=\"df-item-wrap df-cpt-date-wrap difl_cptitem_2 \"> <span class=\"et-pb-icon\">&#xf073;<\/span> Ao\u00fbt 23, 2025<\/span><span class=\"df-item-wrap df-cpt-taxonomies difl_cptitem_3 \">\n                 <span class=\"et-pb-icon\">&#xe07c;<\/span>  <a href=\"https:\/\/www.onelifetrips.com\/fr\/tag\/attractions\/\" rel=\"tag\">Attractions<\/a>, <a href=\"https:\/\/www.onelifetrips.com\/fr\/tag\/decouvrez-le-maroc\/\" rel=\"tag\">D\u00e9couvrez le Maroc<\/a>, <a href=\"https:\/\/www.onelifetrips.com\/fr\/tag\/les-plus-lus\/\" rel=\"tag\">Les plus lus<\/a> \n            <\/span><div class=\"df-item-wrap df-cpt-title-wrap difl_cptitem_4 \">\n                \n                <h3 class=\"df-cpt-title\">\n                    <a href=\"https:\/\/www.onelifetrips.com\/fr\/pourquoi-visiter-marrakech\/\">\n                        9 raisons de visiter Marrakech au moins une fois dans votre vie\n                    <\/a>\n                <\/h3>\n            <\/div><div class=\"df-item-wrap df-cpt-content-wrap difl_cptitem_5 \"><p>Marrakech n\u2019est pas une ville que l\u2019on \u00ab visite \u00bb simplement. C\u2019est une ville qui vous saisit par les sens \u2014 les couleurs, les sons, les parfums \u2014...<\/p>\n<\/div>                    <\/div>\n                <\/div>\n            <\/article>\n                        <article id=\"post-25993327\" class=\"df-cpt-item v2 df-equal-height post-25993327 post type-post status-publish format-standard has-post-thumbnail hentry category-cuisine-boissons tag-cuisine-de-rue tag-douceurs-sucrees tag-nourriture-marocaine tag-vegan-vegetarian tag-vegetalien-vegetarien\" data-height='auto' data-order=\"1755916074\" onclick=\"location.href='https:\/\/www.onelifetrips.com\/fr\/boissons-raffraichissantes-marrakech\/'\" style=\"cursor:pointer;\">\n                <div class=\"df-cpt-outer-wrap df-hover-trigger\"\n                    >\n                                        <div class=\"df-cpt-inner-wrap\">\n                        <div class=\"df-item-wrap df-cpt-image-wrap difl_cptitem_0 \">\n                    \n                    <a class=\"df-hover-effect no-image-scale\" href=\"https:\/\/www.onelifetrips.com\/fr\/boissons-raffraichissantes-marrakech\/\"><img loading=\"lazy\" decoding=\"async\" src=\"https:\/\/www.onelifetrips.com\/wp-content\/uploads\/2025\/08\/Moroccan-mint-tea-400x250.webp\" alt=\"5 boissons rafra\u00eechissantes \u00e0 essayer \u00e0 Marrakech\" class=\"\" width=\"400\" height=\"250\" \/><\/a>\n                <\/div><span class=\"df-item-wrap df-cpt-taxonomies difl_cptitem_1 \">\n                 <span class=\"et-pb-icon\">&#xf02d;<\/span>  <a href=\"https:\/\/www.onelifetrips.com\/fr\/category\/cuisine-boissons\/\" rel=\"tag\">Cuisine &amp; Boissons<\/a> \n            <\/span><span class=\"df-item-wrap df-cpt-date-wrap difl_cptitem_2 \"> <span class=\"et-pb-icon\">&#xf073;<\/span> Ao\u00fbt 23, 2025<\/span><span class=\"df-item-wrap df-cpt-taxonomies difl_cptitem_3 \">\n                 <span class=\"et-pb-icon\">&#xe07c;<\/span>  <a href=\"https:\/\/www.onelifetrips.com\/fr\/tag\/cuisine-de-rue\/\" rel=\"tag\">Cuisine de rue<\/a>, <a href=\"https:\/\/www.onelifetrips.com\/fr\/tag\/douceurs-sucrees\/\" rel=\"tag\">Douceurs sucr\u00e9es<\/a>, <a href=\"https:\/\/www.onelifetrips.com\/fr\/tag\/nourriture-marocaine\/\" rel=\"tag\">Nourriture marocaine<\/a>, <a href=\"https:\/\/www.onelifetrips.com\/tag\/vegan-vegetarian\/\" rel=\"tag\">Vegan &amp; Vegetarian<\/a>, <a href=\"https:\/\/www.onelifetrips.com\/fr\/tag\/vegetalien-vegetarien\/\" rel=\"tag\">V\u00e9g\u00e9talien &amp; V\u00e9g\u00e9tarien<\/a> \n            <\/span><div class=\"df-item-wrap df-cpt-title-wrap difl_cptitem_4 \">\n                \n                <h3 class=\"df-cpt-title\">\n                    <a href=\"https:\/\/www.onelifetrips.com\/fr\/boissons-raffraichissantes-marrakech\/\">\n                        5 boissons rafra\u00eechissantes \u00e0 essayer \u00e0 Marrakech\n                    <\/a>\n                <\/h3>\n            <\/div><div class=\"df-item-wrap df-cpt-content-wrap difl_cptitem_5 \"><p>Marrakech a une fa\u00e7on bien \u00e0 elle de maintenir vos sens en \u00e9veil. Entre les balades dans la m\u00e9dina, la d\u00e9couverte des souks color\u00e9s et les bains de...<\/p>\n<\/div>                    <\/div>\n                <\/div>\n            <\/article>\n            <\/div><div class=\"load-more-pagintaion-container\" style=\"opacity:0;\">\n            <a class=\"df-cptfilter-load-more\" href=\"#\" data-term=\"\" data-pages=\"2\" data-current=\"1\">   Charger plus <\/a>\n        <\/div><\/div>\n                        <\/div>\n\t\t\t\t<\/div>\n\t\t\t<\/div><div class=\"et_pb_module et_d4_element et_pb_code et_pb_code_0\">\n\t\t\t\t\n\t\t\t\t\n\t\t\t\t\n\t\t\t\t\n\t\t\t\t<div class=\"et_pb_code_inner\"><script>\ndocument.addEventListener(\"DOMContentLoaded\", function () {\n  const tagLabels = document.querySelectorAll(\".left_bar #post_tag label\");\n\n  tagLabels.forEach(function (label) {\n    let isActive = false;\n    let lastClick = 0; \/\/ last click time\n\n    \/\/ Initial color\n    label.style.setProperty(\"background-color\", \"#ffffff\");\n\n    label.addEventListener(\"click\", function () {\n      const now = Date.now();\n      if (now - lastClick < 50) return; \/\/ 50ms ke andar same click ignore      lastClick = now;      if (isActive) {        label.style.setProperty(\"background-color\", \"#ffffff\");      } else {        label.style.setProperty(\"background-color\", \"#EDE0D0\");        console.log(\"Muzzammil\");      }      isActive = !isActive; \/\/ Ab sirf ek hi dafa chalega    });  });});<\/script>\n<\/div>\n\t\t\t<\/div>\n\t\t\t<\/div>\n\t\t\t\t\n\t\t\t\t\n\t\t\t\t\n\t\t\t\t\n\t\t\t<\/div>\n\t\t\t\t\n\t\t\t\t\n\t\t\t<\/div><\/p>\n","protected":false},"excerpt":{"rendered":"","protected":false},"author":1,"featured_media":0,"parent":0,"menu_order":0,"comment_status":"closed","ping_status":"closed","template":"","meta":{"_acf_changed":false,"_et_pb_use_builder":"on","_et_pb_old_content":"","_et_gb_content_width":"","footnotes":""},"difl_page_category":[],"class_list":["post-25993015","page","type-page","status-publish","hentry"],"acf":[],"_links":{"self":[{"href":"https:\/\/www.onelifetrips.com\/fr\/wp-json\/wp\/v2\/pages\/25993015","targetHints":{"allow":["GET"]}}],"collection":[{"href":"https:\/\/www.onelifetrips.com\/fr\/wp-json\/wp\/v2\/pages"}],"about":[{"href":"https:\/\/www.onelifetrips.com\/fr\/wp-json\/wp\/v2\/types\/page"}],"author":[{"embeddable":true,"href":"https:\/\/www.onelifetrips.com\/fr\/wp-json\/wp\/v2\/users\/1"}],"replies":[{"embeddable":true,"href":"https:\/\/www.onelifetrips.com\/fr\/wp-json\/wp\/v2\/comments?post=25993015"}],"version-history":[{"count":4,"href":"https:\/\/www.onelifetrips.com\/fr\/wp-json\/wp\/v2\/pages\/25993015\/revisions"}],"predecessor-version":[{"id":25995756,"href":"https:\/\/www.onelifetrips.com\/fr\/wp-json\/wp\/v2\/pages\/25993015\/revisions\/25995756"}],"wp:attachment":[{"href":"https:\/\/www.onelifetrips.com\/fr\/wp-json\/wp\/v2\/media?parent=25993015"}],"wp:term":[{"taxonomy":"difl_page_category","embeddable":true,"href":"https:\/\/www.onelifetrips.com\/fr\/wp-json\/wp\/v2\/difl_page_category?post=25993015"}],"curies":[{"name":"wp","href":"https:\/\/api.w.org\/{rel}","templated":true}]}}