{"id":25993020,"date":"2025-08-11T13:02:26","date_gmt":"2025-08-11T12:02:26","guid":{"rendered":"https:\/\/www.onelifetrips.com\/contactez-nous\/"},"modified":"2025-11-04T00:14:39","modified_gmt":"2025-11-03T23:14:39","slug":"contact","status":"publish","type":"page","link":"https:\/\/www.onelifetrips.com\/fr\/contact\/","title":{"rendered":"Contactez-nous"},"content":{"rendered":"<p><div class=\"et_d4_element et_pb_section et_pb_section_0 et_pb_with_background  et_pb_css_mix_blend_mode et_section_regular section_has_divider et_pb_bottom_divider et_block_section\" >\n\t\t\t\t\n\t\t\t\t\n\t\t\t\t\n\t\t\t\t\n\t\t\t\t\n\t\t\t\t\n\t\t\t\t<div class=\"et_d4_element et_pb_row et_pb_row_0  et_pb_css_mix_blend_mode et_block_row\">\n\t\t\t\t<div class=\"et_d4_element et_pb_column_4_4 et_pb_column et_pb_column_0  et_pb_css_mix_blend_mode et-last-child et_block_column\">\n\t\t\t\t\n\t\t\t\t\n\t\t\t\t\n\t\t\t\t\n\t\t\t\t<div class=\"et_pb_module et_d4_element et_pb_text et_pb_text_0  et_pb_text_align_left et_pb_bg_layout_light\">\n\t\t\t\t\n\t\t\t\t\n\t\t\t\t\n\t\t\t\t\n\t\t\t\t<div class=\"et_pb_text_inner\"><h1 class=\"et_pb_module_header\">Contactez-nous<\/h1><\/div>\n\t\t\t<\/div>\n\t\t\t<\/div>\n\t\t\t\t\n\t\t\t\t\n\t\t\t\t\n\t\t\t\t\n\t\t\t<\/div>\n\t\t\t\t\n\t\t\t\t<div class=\"et_pb_bottom_inside_divider et-no-transition\"><\/div>\n\t\t\t<\/div><div class=\"et_d4_element et_pb_section et_pb_section_1  et_pb_css_mix_blend_mode et_section_regular et_block_section\" >\n\t\t\t\t\n\t\t\t\t\n\t\t\t\t\n\t\t\t\t\n\t\t\t\t\n\t\t\t\t\n\t\t\t\t<div class=\"et_d4_element et_pb_row et_pb_row_1 et_pb_equal_columns  et_pb_css_mix_blend_mode et_block_row\">\n\t\t\t\t<div class=\"et_d4_element et_pb_column_4_4 et_pb_column et_pb_column_1  et_pb_css_mix_blend_mode et-last-child et_block_column\">\n\t\t\t\t\n\t\t\t\t\n\t\t\t\t\n\t\t\t\t\n\t\t\t\t<div class=\"et_pb_module et_d4_element et_pb_text et_pb_text_1  et_pb_text_align_center et_pb_bg_layout_light\">\n\t\t\t\t\n\t\t\t\t\n\t\t\t\t\n\t\t\t\t\n\t\t\t\t<div class=\"et_pb_text_inner\"><p>Nous serions ravis de vous entendre. Que vous soyez int\u00e9ress\u00e9 par l'une de nos excursions, que vous souhaitiez cr\u00e9er une exp\u00e9rience sur mesure ou que vous ayez besoin de conseils pour organiser votre s\u00e9jour \u00e0 Marrakech ou ailleurs au Maroc, nous sommes l\u00e0 pour vous aider.<\/p><\/div>\n\t\t\t<\/div><div class=\"et_pb_module et_d4_element et_pb_text et_pb_text_2  et_pb_text_align_center et_pb_bg_layout_light\">\n\t\t\t\t\n\t\t\t\t\n\t\t\t\t\n\t\t\t\t\n\t\t\t\t<div class=\"et_pb_text_inner\"><p>Utilisez le formulaire ci-dessous pour nous contacter. Si vous nous contactez pour des demandes commerciales ou des opportunit\u00e9s de partenariat, nous serons ravis d'\u00e9changer avec vous.<\/p><\/div>\n\t\t\t<\/div>\n\t\t\t<\/div>\n\t\t\t\t\n\t\t\t\t\n\t\t\t\t\n\t\t\t\t\n\t\t\t<\/div><div class=\"et_d4_element et_pb_row et_pb_row_2  et_pb_css_mix_blend_mode et_block_row\">\n\t\t\t\t<div class=\"et_d4_element et_pb_column_4_4 et_pb_column et_pb_column_2  et_pb_css_mix_blend_mode et-last-child et_block_column\">\n\t\t\t\t\n\t\t\t\t\n\t\t\t\t\n\t\t\t\t\n\t\t\t\t<div class=\"et_pb_module et_d4_element et_pb_code et_pb_code_0\">\n\t\t\t\t\n\t\t\t\t\n\t\t\t\t\n\t\t\t\t\n\t\t\t\t<div class=\"et_pb_code_inner\"><div class=\"forminator-ui forminator-custom-form forminator-custom-form-25993880 forminator-design--basic  forminator_ajax\" data-forminator-render=\"0\" data-form=\"forminator-module-25993880\" data-uid=\"69d47d18cbc0b\"><br\/><\/div><form\n\t\t\t\tid=\"forminator-module-25993880\"\n\t\t\t\tclass=\"forminator-ui forminator-custom-form forminator-custom-form-25993880 forminator-design--basic  forminator_ajax\"\n\t\t\t\tmethod=\"post\"\n\t\t\t\tdata-forminator-render=\"0\"\n\t\t\t\tdata-form-id=\"25993880\"\n\t\t\t\t data-color-option=\"theme\" data-design=\"basic\" data-grid=\"open\" style=\"display: none;\"\n\t\t\t\tdata-uid=\"69d47d18cbc0b\"\n\t\t\t><div role=\"alert\" aria-live=\"polite\" class=\"forminator-response-message forminator-error\" aria-hidden=\"true\"><\/div><div class=\"forminator-row\"><div id=\"name-1\" class=\"forminator-field-name forminator-col forminator-col-12  name-label\"><div class=\"forminator-field\"><label for=\"forminator-field-name-1_69d47d18cbc0b\" id=\"forminator-field-name-1_69d47d18cbc0b-label\" class=\"forminator-label\">Nom <span class=\"forminator-required\">*<\/span><\/label><input type=\"text\" name=\"name-1\" value=\"\" placeholder=\"\" id=\"forminator-field-name-1_69d47d18cbc0b\" class=\"forminator-input forminator-name--field\" aria-required=\"true\" autocomplete=\"name\" \/><\/div><\/div><\/div><div class=\"forminator-row\"><div id=\"email-1\" class=\"forminator-field-email forminator-col forminator-col-12  email-label\"><div class=\"forminator-field\"><label for=\"forminator-field-email-1_69d47d18cbc0b\" id=\"forminator-field-email-1_69d47d18cbc0b-label\" class=\"forminator-label\">Adresse Email <span class=\"forminator-required\">*<\/span><\/label><input type=\"email\" name=\"email-1\" value=\"\" placeholder=\"\" id=\"forminator-field-email-1_69d47d18cbc0b\" class=\"forminator-input forminator-email--field\" data-required=\"1\" aria-required=\"true\" autocomplete=\"email\" \/><\/div><\/div><\/div><div class=\"forminator-row\"><div id=\"select-1\" class=\"forminator-field-select forminator-col forminator-col-12  what-help-label\"><div class=\"forminator-field\"><label for=\"forminator-form-25993880__field--select-1_69d47d18cbc0b\" id=\"forminator-form-25993880__field--select-1_69d47d18cbc0b-label\" class=\"forminator-label\">En quoi pouvons-nous vous aider aujourd\u2019hui ? <span class=\"forminator-required\">*<\/span><\/label><select  id=\"forminator-form-25993880__field--select-1_69d47d18cbc0b\" class=\"forminator-select--field forminator-select2 forminator-select2-multiple\" data-required=\"1\" name=\"select-1\" data-default-value=\"one\" data-hidden-behavior=\"zero\" data-placeholder=\"Merci de choisir une option\" data-search=\"false\" data-search-placeholder=\"Merci de choisir une option\" data-checkbox=\"false\" data-allow-clear=\"false\" aria-labelledby=\"forminator-form-25993880__field--select-1_69d47d18cbc0b-label\"><option value=\"\"  >Merci de choisir une option<\/option><option value=\"one\" selected=\"selected\" data-calculation=\"0\">Demande G\u00e9n\u00e9rale<\/option><option value=\"two\"  data-calculation=\"0\">Demande de R\u00e9servation<\/option><option value=\"My-Reservation\"  data-calculation=\"0\">Ma R\u00e9servation<\/option><option value=\"Custom-Tours\"  data-calculation=\"0\">Tours Personnalis\u00e9s<\/option><option value=\"Business---Partnership\"  data-calculation=\"0\">Entreprise \/ Partenariat<\/option><option value=\"Other\"  data-calculation=\"0\">Autre<\/option><\/select><\/div><\/div><\/div><div class=\"forminator-row\"><div id=\"text-1\" class=\"forminator-field-text forminator-col forminator-col-12  reservationNumber-label\"><div class=\"forminator-field\"><label for=\"forminator-field-text-1_69d47d18cbc0b\" id=\"forminator-field-text-1_69d47d18cbc0b-label\" class=\"forminator-label\">Num\u00e9ro de R\u00e9servation<\/label><input type=\"text\" name=\"text-1\" value=\"\" placeholder=\"\" id=\"forminator-field-text-1_69d47d18cbc0b\" class=\"forminator-input forminator-name--field\" data-required=\"\" \/><\/div><\/div><\/div><div class=\"forminator-row\"><div id=\"text-2\" class=\"forminator-field-text forminator-col forminator-col-12  companyName-label\"><div class=\"forminator-field\"><label for=\"forminator-field-text-2_69d47d18cbc0b\" id=\"forminator-field-text-2_69d47d18cbc0b-label\" class=\"forminator-label\">Nom de l&#039;entreprise<\/label><input type=\"text\" name=\"text-2\" value=\"\" placeholder=\"\" id=\"forminator-field-text-2_69d47d18cbc0b\" class=\"forminator-input forminator-name--field\" data-required=\"\" \/><\/div><\/div><\/div><div class=\"forminator-row\"><div id=\"phone-1\" class=\"forminator-field-phone forminator-col forminator-col-12  phoneNumber-label\"><div class=\"forminator-field\"><label for=\"forminator-field-phone-1_69d47d18cbc0b\" id=\"forminator-field-phone-1_69d47d18cbc0b-label\" class=\"forminator-label\">Num\u00e9ro de T\u00e9l\u00e9phone\/WhatsApp<\/label><input type=\"text\" name=\"phone-1\" value=\"\" placeholder=\"\" id=\"forminator-field-phone-1_69d47d18cbc0b\" class=\"forminator-input forminator-field--phone\" data-required=\"\" aria-required=\"false\" autocomplete=\"off\" data-national_mode=\"disabled\" data-country=\"US\" data-validation=\"international\" \/><\/div><\/div><\/div><div class=\"forminator-row\"><div id=\"textarea-1\" class=\"forminator-field-textarea forminator-col forminator-col-12  message-label\"><div class=\"forminator-field\"><label for=\"forminator-field-textarea-1_69d47d18cbc0b\" id=\"forminator-field-textarea-1_69d47d18cbc0b-label\" class=\"forminator-label\">Votre message ou question <span class=\"forminator-required\">*<\/span><\/label><textarea name=\"textarea-1\" placeholder=\"\" id=\"forminator-field-textarea-1_69d47d18cbc0b\" class=\"forminator-textarea\" rows=\"6\" style=\"min-height:140px;\" ><\/textarea><\/div><\/div><\/div><input type=\"hidden\" name=\"referer_url\" value=\"\" \/><div class=\"forminator-row forminator-row-last\"><div class=\"forminator-col\"><div class=\"forminator-field\"><button class=\"forminator-button forminator-button-submit contact-submit-btn\">Soumettre<\/button><\/div><\/div><\/div><input type=\"hidden\" id=\"forminator_nonce\" name=\"forminator_nonce\" value=\"064f1d24d1\" \/><input type=\"hidden\" name=\"_wp_http_referer\" value=\"\/fr\/wp-json\/wp\/v2\/pages\/25993020\" \/><input type=\"hidden\" name=\"form_id\" value=\"25993880\"><input type=\"hidden\" name=\"page_id\" value=\"0\"><input type=\"hidden\" name=\"form_type\" value=\"default\"><input type=\"hidden\" name=\"current_url\" value=\"\"><input type=\"hidden\" name=\"render_id\" value=\"0\"><input type=\"hidden\" name=\"action\" value=\"forminator_submit_form_custom-forms\"><\/form>\n\n<style>\n  \n  .forminator-edit-module{\n    display: none;\n  }\n\n  #forminator-module-25993880 .iti__selected-country{\n    border-right: 2px solid #2c2c2c !important;\n    padding-left: 5px !important;\n    padding-right: 8px !important;\n}\n\n#forminator-module-25993880 .iti__selected-country:focus{\n    outline: none !important;\n}\n  \n  #forminator-module-25993880 li#iti-0__item-eh{\n    display: none !important;\n}\n  \n\n\n \n<\/style>\n\n<\/div>\n\t\t\t<\/div>\n\t\t\t<\/div>\n\t\t\t\t\n\t\t\t\t\n\t\t\t\t\n\t\t\t\t\n\t\t\t<\/div>\n\t\t\t\t\n\t\t\t\t\n\t\t\t<\/div><div class=\"et_d4_element et_pb_section et_pb_section_2  et_pb_css_mix_blend_mode et_section_regular et_block_section\" >\n\t\t\t\t\n\t\t\t\t\n\t\t\t\t\n\t\t\t\t\n\t\t\t\t\n\t\t\t\t\n\t\t\t\t<div class=\"et_d4_element et_pb_row et_pb_row_3  et_pb_css_mix_blend_mode et_block_row\">\n\t\t\t\t<div class=\"et_d4_element et_pb_column_4_4 et_pb_column et_pb_column_3  et_pb_css_mix_blend_mode et-last-child et_block_column\">\n\t\t\t\t\n\t\t\t\t\n\t\t\t\t\n\t\t\t\t\n\t\t\t\t<div class=\"et_pb_with_border et_pb_module et_d4_element difl_faq difl_faq_0\">\n\t\t\t\t\n\t\t\t\t\n\t\t\t\t\n\t\t\t\t\n\t\t\t\t\n\t\t\t\t\n\t\t\t\t<div class=\"et_pb_module_inner\">\n\t\t\t\t\t<div class=\"df_faq_wrapper grid_layout\" data-settings='{\"faq_layout\":\"toggle\",\"activate_on_first_time\":\"off\",\"active_item_order_number\":0,\"faq_animation\":\"slide\",\"faq_anime_duration\":\"300\",\"icon_animation\":\"fade\",\"que_img_animation\":\"fade\",\"content_animation_type\":\"fade_in\",\"content_anime_duration\":\"250\",\"order_class\":\"difl_faq_0\",\"faq_layout_grid\":\"on\",\"faq_item_per_column\":\"2\",\"faq_item_per_column_tablet\":\"1\",\"faq_item_per_column_phone\":\"1\"}'><div class=\"et_pb_module et_d4_element difl_faqitem difl_faqitem_0\">\n\t\t\t\t\n\t\t\t\t\n\t\t\t\t\n\t\t\t\t\n\t\t\t\t\n\t\t\t\t\n\t\t\t\t<div class=\"et_pb_module_inner\">\n\t\t\t\t\t<div class=\"df_faq_item\" data-settings='{\"hide_faq_item\":\"\"}'>\n                <div class=\"faq_question_wrapper\">\n                <div class=\"faq_question_area\">\n                    \n                    <div class=\"faq_question\"><p class=\"faq_question_title\">Comment r\u00e9server une visite ?<\/p><\/div>\n                <\/div>\n                <div class=\"faq_icon\"><div class=\"close_icon\"><span class=\"et-pb-icon\">&#x43;<\/span><\/div>\n                <div class=\"open_icon\"><span class=\"et-pb-icon\">&#x42;<\/span><\/div><\/div>\n            <\/div>\n          \n                <div class=\"faq_answer_wrapper\">\n                <div class=\"faq_answer_area\">\n                   <div class=\"faq_content\">\n                        <div class=\"faq_answer\"><div>Vous pouvez r\u00e9server directement sur notre site web, \u00e0 la page Exp\u00e9riences, ou nous contacter pour obtenir de l\u2019aide. Nous serons ravis de vous aider \u00e0 choisir la visite qui vous convient.<\/div> <\/div>\n                        \n                   <\/div>\n                <\/div>\n            <\/div>\n            <\/div>\n\t\t\t\t<\/div>\n\t\t\t<\/div><div class=\"et_pb_module et_d4_element difl_faqitem difl_faqitem_1\">\n\t\t\t\t\n\t\t\t\t\n\t\t\t\t\n\t\t\t\t\n\t\t\t\t\n\t\t\t\t\n\t\t\t\t<div class=\"et_pb_module_inner\">\n\t\t\t\t\t<div class=\"df_faq_item\" data-settings='{\"hide_faq_item\":\"\"}'>\n                <div class=\"faq_question_wrapper\">\n                <div class=\"faq_question_area\">\n                    \n                    <div class=\"faq_question\"><p class=\"faq_question_title\">Pouvez-vous cr\u00e9er une visite personnalis\u00e9e rien que pour moi ?<\/p><\/div>\n                <\/div>\n                <div class=\"faq_icon\"><div class=\"close_icon\"><span class=\"et-pb-icon\">&#x43;<\/span><\/div>\n                <div class=\"open_icon\"><span class=\"et-pb-icon\">&#x42;<\/span><\/div><\/div>\n            <\/div>\n          \n                <div class=\"faq_answer_wrapper\">\n                <div class=\"faq_answer_area\">\n                   <div class=\"faq_content\">\n                        <div class=\"faq_answer\"><div><\/p>\n<p>Absolument ! Dites-nous vos centres d\u2019int\u00e9r\u00eat, vos dates et toute demande particuli\u00e8re, et nous concevrons un voyage unique pour vous.<\/p>\n<p><\/div> <\/div>\n                        \n                   <\/div>\n                <\/div>\n            <\/div>\n            <\/div>\n\t\t\t\t<\/div>\n\t\t\t<\/div><div class=\"et_pb_module et_d4_element difl_faqitem difl_faqitem_2\">\n\t\t\t\t\n\t\t\t\t\n\t\t\t\t\n\t\t\t\t\n\t\t\t\t\n\t\t\t\t\n\t\t\t\t<div class=\"et_pb_module_inner\">\n\t\t\t\t\t<div class=\"df_faq_item\" data-settings='{\"hide_faq_item\":\"\"}'>\n                <div class=\"faq_question_wrapper\">\n                <div class=\"faq_question_area\">\n                    \n                    <div class=\"faq_question\"><p class=\"faq_question_title\">Qu\u2019est-ce qui est inclus dans vos visites ?<\/p><\/div>\n                <\/div>\n                <div class=\"faq_icon\"><div class=\"close_icon\"><span class=\"et-pb-icon\">&#x43;<\/span><\/div>\n                <div class=\"open_icon\"><span class=\"et-pb-icon\">&#x42;<\/span><\/div><\/div>\n            <\/div>\n          \n                <div class=\"faq_answer_wrapper\">\n                <div class=\"faq_answer_area\">\n                   <div class=\"faq_content\">\n                        <div class=\"faq_answer\"><div>Chaque visite comprend un guide local et les exp\u00e9riences mentionn\u00e9es dans la description. Certaines visites incluent \u00e9galement les repas, les frais d\u2019entr\u00e9e ou le transport \u2014 les d\u00e9tails sont toujours pr\u00e9cis\u00e9s.<\/div> <\/div>\n                        \n                   <\/div>\n                <\/div>\n            <\/div>\n            <\/div>\n\t\t\t\t<\/div>\n\t\t\t<\/div><div class=\"et_pb_module et_d4_element difl_faqitem difl_faqitem_3\">\n\t\t\t\t\n\t\t\t\t\n\t\t\t\t\n\t\t\t\t\n\t\t\t\t\n\t\t\t\t\n\t\t\t\t<div class=\"et_pb_module_inner\">\n\t\t\t\t\t<div class=\"df_faq_item\" data-settings='{\"hide_faq_item\":\"\"}'>\n                <div class=\"faq_question_wrapper\">\n                <div class=\"faq_question_area\">\n                    \n                    <div class=\"faq_question\"><p class=\"faq_question_title\">Proposez-vous la prise en charge \u00e0 l\u2019h\u00f4tel ?<\/p><\/div>\n                <\/div>\n                <div class=\"faq_icon\"><div class=\"close_icon\"><span class=\"et-pb-icon\">&#x43;<\/span><\/div>\n                <div class=\"open_icon\"><span class=\"et-pb-icon\">&#x42;<\/span><\/div><\/div>\n            <\/div>\n          \n                <div class=\"faq_answer_wrapper\">\n                <div class=\"faq_answer_area\">\n                   <div class=\"faq_content\">\n                        <div class=\"faq_answer\"><div>Oui, beaucoup de nos visites incluent la prise en charge \u00e0 l\u2019h\u00f4tel dans Marrakech. Nous vous confirmerons les d\u00e9tails lors de la r\u00e9servation.<\/div> <\/div>\n                        \n                   <\/div>\n                <\/div>\n            <\/div>\n            <\/div>\n\t\t\t\t<\/div>\n\t\t\t<\/div><div class=\"et_pb_module et_d4_element difl_faqitem difl_faqitem_4\">\n\t\t\t\t\n\t\t\t\t\n\t\t\t\t\n\t\t\t\t\n\t\t\t\t\n\t\t\t\t\n\t\t\t\t<div class=\"et_pb_module_inner\">\n\t\t\t\t\t<div class=\"df_faq_item\" data-settings='{\"hide_faq_item\":\"\"}'>\n                <div class=\"faq_question_wrapper\">\n                <div class=\"faq_question_area\">\n                    \n                    <div class=\"faq_question\"><p class=\"faq_question_title\">Puis-je r\u00e9server pour un grand groupe ou une occasion sp\u00e9ciale ?<\/p><\/div>\n                <\/div>\n                <div class=\"faq_icon\"><div class=\"close_icon\"><span class=\"et-pb-icon\">&#x43;<\/span><\/div>\n                <div class=\"open_icon\"><span class=\"et-pb-icon\">&#x42;<\/span><\/div><\/div>\n            <\/div>\n          \n                <div class=\"faq_answer_wrapper\">\n                <div class=\"faq_answer_area\">\n                   <div class=\"faq_content\">\n                        <div class=\"faq_answer\"><div><\/p>\n<p>Oui ! Nous organisons des visites pour les familles, les amis et les groupes d\u2019entreprise, ainsi que pour les anniversaires, les f\u00eates et autres c\u00e9l\u00e9brations.<\/p>\n<p><\/div> <\/div>\n                        \n                   <\/div>\n                <\/div>\n            <\/div>\n            <\/div>\n\t\t\t\t<\/div>\n\t\t\t<\/div><div class=\"et_pb_module et_d4_element difl_faqitem difl_faqitem_5\">\n\t\t\t\t\n\t\t\t\t\n\t\t\t\t\n\t\t\t\t\n\t\t\t\t\n\t\t\t\t\n\t\t\t\t<div class=\"et_pb_module_inner\">\n\t\t\t\t\t<div class=\"df_faq_item\" data-settings='{\"hide_faq_item\":\"\"}'>\n                <div class=\"faq_question_wrapper\">\n                <div class=\"faq_question_area\">\n                    \n                    <div class=\"faq_question\"><p class=\"faq_question_title\">Quelle est votre politique d\u2019annulation ?<\/p><\/div>\n                <\/div>\n                <div class=\"faq_icon\"><div class=\"close_icon\"><span class=\"et-pb-icon\">&#x43;<\/span><\/div>\n                <div class=\"open_icon\"><span class=\"et-pb-icon\">&#x42;<\/span><\/div><\/div>\n            <\/div>\n          \n                <div class=\"faq_answer_wrapper\">\n                <div class=\"faq_answer_area\">\n                   <div class=\"faq_content\">\n                        <div class=\"faq_answer\"><div>Vous pouvez annuler et \u00eatre int\u00e9gralement rembours\u00e9 si vous nous pr\u00e9venez au moins 24 heures avant votre visite. Certaines visites priv\u00e9es peuvent avoir des conditions diff\u00e9rentes, que nous vous communiquerons lors de la r\u00e9servation.<\/div> <\/div>\n                        \n                   <\/div>\n                <\/div>\n            <\/div>\n            <\/div>\n\t\t\t\t<\/div>\n\t\t\t<\/div><div class=\"et_pb_module et_d4_element difl_faqitem difl_faqitem_6\">\n\t\t\t\t\n\t\t\t\t\n\t\t\t\t\n\t\t\t\t\n\t\t\t\t\n\t\t\t\t\n\t\t\t\t<div class=\"et_pb_module_inner\">\n\t\t\t\t\t<div class=\"df_faq_item\" data-settings='{\"hide_faq_item\":\"\"}'>\n                <div class=\"faq_question_wrapper\">\n                <div class=\"faq_question_area\">\n                    \n                    <div class=\"faq_question\"><p class=\"faq_question_title\">Travaillez-vous avec des agences de voyage ou des partenaires ?<\/p><\/div>\n                <\/div>\n                <div class=\"faq_icon\"><div class=\"close_icon\"><span class=\"et-pb-icon\">&#x43;<\/span><\/div>\n                <div class=\"open_icon\"><span class=\"et-pb-icon\">&#x42;<\/span><\/div><\/div>\n            <\/div>\n          \n                <div class=\"faq_answer_wrapper\">\n                <div class=\"faq_answer_area\">\n                   <div class=\"faq_content\">\n                        <div class=\"faq_answer\"><div>Oui, nous accueillons avec plaisir les opportunit\u00e9s de partenariat avec des agences, des h\u00f4tels et des organisateurs d\u2019\u00e9v\u00e9nements. Contactez-nous simplement pour discuter des possibilit\u00e9s.<\/div> <\/div>\n                        \n                   <\/div>\n                <\/div>\n            <\/div>\n            <\/div>\n\t\t\t\t<\/div>\n\t\t\t<\/div><\/div>\n            \n\t\t\t\t<\/div>\n\t\t\t<\/div><div class=\"et_pb_module et_d4_element et_pb_code et_pb_code_1\">\n\t\t\t\t\n\t\t\t\t\n\t\t\t\t\n\t\t\t\t\n\t\t\t\t\n\t\t\t<\/div>\n\t\t\t<\/div>\n\t\t\t\t\n\t\t\t\t\n\t\t\t\t\n\t\t\t\t\n\t\t\t<\/div>\n\t\t\t\t\n\t\t\t\t\n\t\t\t<\/div><\/p>\n","protected":false},"excerpt":{"rendered":"","protected":false},"author":1,"featured_media":0,"parent":0,"menu_order":0,"comment_status":"closed","ping_status":"closed","template":"","meta":{"_acf_changed":false,"_et_pb_use_builder":"on","_et_pb_old_content":"","_et_gb_content_width":"","footnotes":""},"difl_page_category":[],"class_list":["post-25993020","page","type-page","status-publish","hentry"],"acf":[],"_links":{"self":[{"href":"https:\/\/www.onelifetrips.com\/fr\/wp-json\/wp\/v2\/pages\/25993020","targetHints":{"allow":["GET"]}}],"collection":[{"href":"https:\/\/www.onelifetrips.com\/fr\/wp-json\/wp\/v2\/pages"}],"about":[{"href":"https:\/\/www.onelifetrips.com\/fr\/wp-json\/wp\/v2\/types\/page"}],"author":[{"embeddable":true,"href":"https:\/\/www.onelifetrips.com\/fr\/wp-json\/wp\/v2\/users\/1"}],"replies":[{"embeddable":true,"href":"https:\/\/www.onelifetrips.com\/fr\/wp-json\/wp\/v2\/comments?post=25993020"}],"version-history":[{"count":9,"href":"https:\/\/www.onelifetrips.com\/fr\/wp-json\/wp\/v2\/pages\/25993020\/revisions"}],"predecessor-version":[{"id":25994279,"href":"https:\/\/www.onelifetrips.com\/fr\/wp-json\/wp\/v2\/pages\/25993020\/revisions\/25994279"}],"wp:attachment":[{"href":"https:\/\/www.onelifetrips.com\/fr\/wp-json\/wp\/v2\/media?parent=25993020"}],"wp:term":[{"taxonomy":"difl_page_category","embeddable":true,"href":"https:\/\/www.onelifetrips.com\/fr\/wp-json\/wp\/v2\/difl_page_category?post=25993020"}],"curies":[{"name":"wp","href":"https:\/\/api.w.org\/{rel}","templated":true}]}}