{"id":25993098,"date":"2025-08-11T10:12:01","date_gmt":"2025-08-11T09:12:01","guid":{"rendered":"https:\/\/www.onelifetrips.com\/conditions-dutilisation\/"},"modified":"2025-09-13T14:37:30","modified_gmt":"2025-09-13T13:37:30","slug":"conditions-utilisation","status":"publish","type":"page","link":"https:\/\/www.onelifetrips.com\/fr\/conditions-utilisation\/","title":{"rendered":"Conditions d&rsquo;utilisation"},"content":{"rendered":"<p><div class=\"et_d4_element et_pb_section et_pb_section_0 et_pb_with_background  et_pb_css_mix_blend_mode et_section_regular section_has_divider et_pb_bottom_divider et_block_section\" >\n\t\t\t\t\n\t\t\t\t\n\t\t\t\t\n\t\t\t\t\n\t\t\t\t\n\t\t\t\t\n\t\t\t\t<div class=\"et_d4_element et_pb_row et_pb_row_0  et_pb_css_mix_blend_mode et_block_row\">\n\t\t\t\t<div class=\"et_d4_element et_pb_column_4_4 et_pb_column et_pb_column_0  et_pb_css_mix_blend_mode et-last-child et_block_column\">\n\t\t\t\t\n\t\t\t\t\n\t\t\t\t\n\t\t\t\t\n\t\t\t\t<div class=\"et_pb_module et_d4_element et_pb_text et_pb_text_0  et_pb_text_align_left et_pb_bg_layout_light\">\n\t\t\t\t\n\t\t\t\t\n\t\t\t\t\n\t\t\t\t\n\t\t\t\t<div class=\"et_pb_text_inner\"><h1>Conditions d'utilisation<\/h1><\/div>\n\t\t\t<\/div>\n\t\t\t<\/div>\n\t\t\t\t\n\t\t\t\t\n\t\t\t\t\n\t\t\t\t\n\t\t\t<\/div>\n\t\t\t\t\n\t\t\t\t<div class=\"et_pb_bottom_inside_divider et-no-transition\"><\/div>\n\t\t\t<\/div><div class=\"et_d4_element et_pb_section et_pb_section_1 et_pb_with_background  et_pb_css_mix_blend_mode et_section_regular et_block_section\" >\n\t\t\t\t\n\t\t\t\t\n\t\t\t\t\n\t\t\t\t\n\t\t\t\t\n\t\t\t\t\n\t\t\t\t<div class=\"et_d4_element et_pb_row et_pb_row_1 tours-rows et_pb_equal_columns et_pb_gutters2  et_pb_css_mix_blend_mode et_block_row\">\n\t\t\t\t<div class=\"et_d4_element et_pb_column_4_4 et_pb_column et_pb_column_1  et_pb_css_mix_blend_mode et-last-child et_block_column\">\n\t\t\t\t\n\t\t\t\t\n\t\t\t\t\n\t\t\t\t\n\t\t\t\t<div class=\"et_pb_module et_d4_element et_pb_text et_pb_text_1  et_pb_text_align_left et_pb_bg_layout_light\">\n\t\t\t\t\n\t\t\t\t\n\t\t\t\t\n\t\t\t\t\n\t\t\t\t<div class=\"et_pb_text_inner\"><p>Bienvenue sur One Life Trips ! En acc\u00e9dant \u00e0 notre site web, en lisant notre contenu de voyage ou en r\u00e9servant nos exp\u00e9riences, vous acceptez les pr\u00e9sentes conditions d'utilisation. Veuillez les lire attentivement avant d'utiliser notre site ou nos services.  <\/p><\/div>\n\t\t\t<\/div>\n\t\t\t<\/div>\n\t\t\t\t\n\t\t\t\t\n\t\t\t\t\n\t\t\t\t\n\t\t\t<\/div><div class=\"et_d4_element et_pb_row et_pb_row_2  et_pb_css_mix_blend_mode et_block_row\">\n\t\t\t\t<div class=\"et_d4_element et_pb_column_4_4 et_pb_column et_pb_column_2  et_pb_css_mix_blend_mode et-last-child et_block_column\">\n\t\t\t\t\n\t\t\t\t\n\t\t\t\t\n\t\t\t\t\n\t\t\t\t<div class=\"et_pb_module et_d4_element et_pb_text et_pb_text_2  et_pb_text_align_left et_pb_bg_layout_light\">\n\t\t\t\t\n\t\t\t\t\n\t\t\t\t\n\t\t\t\t\n\t\t\t\t<div class=\"et_pb_text_inner\"><p>1. Qui sommes-nous ?<\/p><\/div>\n\t\t\t<\/div><div class=\"et_pb_module et_d4_element et_pb_text et_pb_text_3  et_pb_text_align_left et_pb_bg_layout_light\">\n\t\t\t\t\n\t\t\t\t\n\t\t\t\t\n\t\t\t\t\n\t\t\t\t<div class=\"et_pb_text_inner\"><p>One Life Trips (\u00ab nous \u00bb, \u00ab notre \u00bb, \u00ab nos \u00bb) est une plateforme de m\u00e9dias de voyage et un fournisseur d'exp\u00e9riences. Nous partageons des guides de voyage, des histoires, des photographies et des conseils, et nous proposons \u00e9galement des circuits, des excursions et des exp\u00e9riences culturelles organis\u00e9s \u00e0 Marrakech et dans d'autres villes du Maroc. <\/p><\/div>\n\t\t\t<\/div><div class=\"et_pb_module et_d4_element et_pb_divider et_pb_divider_0 et_pb_space\"><div class=\"et_pb_divider_internal\"><\/div><\/div><div class=\"et_pb_module et_d4_element et_pb_text et_pb_text_4  et_pb_text_align_left et_pb_bg_layout_light\">\n\t\t\t\t\n\t\t\t\t\n\t\t\t\t\n\t\t\t\t\n\t\t\t\t<div class=\"et_pb_text_inner\"><p>2. Acceptation des conditions<\/p><\/div>\n\t\t\t<\/div><div class=\"et_pb_module et_d4_element et_pb_text et_pb_text_5  et_pb_text_align_left et_pb_bg_layout_light\">\n\t\t\t\t\n\t\t\t\t\n\t\t\t\t\n\t\t\t\t\n\t\t\t\t<div class=\"et_pb_text_inner\"><p>En utilisant notre site web, en interagissant avec notre contenu ou en r\u00e9servant un service, vous confirmez que vous :<\/p>\n<ul>\n<li style=\"font-weight: 400;\" aria-level=\"1\"><span style=\"font-weight: 400;\">Avez au moins 18 ans ou avez l'autorisation d'un parent\/tuteur.<\/span><\/li>\n<li style=\"font-weight: 400;\" aria-level=\"1\"><span style=\"font-weight: 400;\">Acceptez d'\u00eatre li\u00e9 par les pr\u00e9sentes conditions d'utilisation et notre politique de confidentialit\u00e9.<\/span><\/li>\n<\/ul><\/div>\n\t\t\t<\/div><div class=\"et_pb_module et_d4_element et_pb_divider et_pb_divider_1 et_pb_space\"><div class=\"et_pb_divider_internal\"><\/div><\/div><div class=\"et_pb_module et_d4_element et_pb_text et_pb_text_6  et_pb_text_align_left et_pb_bg_layout_light\">\n\t\t\t\t\n\t\t\t\t\n\t\t\t\t\n\t\t\t\t\n\t\t\t\t<div class=\"et_pb_text_inner\"><p>3. Contenu et services que nous fournissons<\/p><\/div>\n\t\t\t<\/div><div class=\"et_pb_module et_d4_element et_pb_text et_pb_text_7  et_pb_text_align_left et_pb_bg_layout_light\">\n\t\t\t\t\n\t\t\t\t\n\t\t\t\t\n\t\t\t\t\n\t\t\t\t<div class=\"et_pb_text_inner\"><p>Notre site web comprend :<\/p>\n<ul>\n<li>Des articles de voyage, des blogs, des photographies, des vid\u00e9os et des recommandations.<\/li>\n<li>Des informations sur les destinations, la culture et des conseils de voyage.<\/li>\n<li>Des circuits, des excursions et des exp\u00e9riences de voyage personnalis\u00e9es.<\/li>\n<li>Des liens d'affiliation vers des produits, des services ou des plateformes de r\u00e9servation recommand\u00e9s. Si vous effectuez un achat via ces liens, nous pouvons percevoir une commission sans frais suppl\u00e9mentaires pour vous. Nous ne recommandons que des articles ou des services que nous pensons \u00eatre r\u00e9ellement utiles ou pertinents pour les voyageurs.  <\/li>\n<\/ul><\/div>\n\t\t\t<\/div><div class=\"et_pb_module et_d4_element et_pb_divider et_pb_divider_2 et_pb_space\"><div class=\"et_pb_divider_internal\"><\/div><\/div><div class=\"et_pb_module et_d4_element et_pb_text et_pb_text_8  et_pb_text_align_left et_pb_bg_layout_light\">\n\t\t\t\t\n\t\t\t\t\n\t\t\t\t\n\t\t\t\t\n\t\t\t\t<div class=\"et_pb_text_inner\"><p>4. R\u00e9servations et paiements<\/p><\/div>\n\t\t\t<\/div><div class=\"et_pb_module et_d4_element et_pb_text et_pb_text_9  et_pb_text_align_left et_pb_bg_layout_light\">\n\t\t\t\t\n\t\t\t\t\n\t\t\t\t\n\t\t\t\t\n\t\t\t\t<div class=\"et_pb_text_inner\"><ul>\n<li data-start=\"774\" data-end=\"834\">\n<p data-start=\"776\" data-end=\"834\">Une r\u00e9servation n'est confirm\u00e9e qu'une fois que vous avez re\u00e7u une confirmation \u00e9crite de notre part.<\/p>\n<\/li>\n<li data-start=\"774\" data-end=\"834\">\n<p data-start=\"776\" data-end=\"834\">Les conditions de paiement seront clairement indiqu\u00e9es avant la r\u00e9servation.<\/p>\n<\/li>\n<li data-start=\"774\" data-end=\"834\">\n<p data-start=\"776\" data-end=\"834\">Les paiements sont trait\u00e9s en toute s\u00e9curit\u00e9 par le biais de notre prestataire de paiement de confiance. Nous ne conservons jamais les d\u00e9tails de paiement.<\/p>\n<\/li>\n<\/ul><\/div>\n\t\t\t<\/div><div class=\"et_pb_module et_d4_element et_pb_divider et_pb_divider_3 et_pb_space\"><div class=\"et_pb_divider_internal\"><\/div><\/div><div class=\"et_pb_module et_d4_element et_pb_text et_pb_text_10  et_pb_text_align_left et_pb_bg_layout_light\">\n\t\t\t\t\n\t\t\t\t\n\t\t\t\t\n\t\t\t\t\n\t\t\t\t<div class=\"et_pb_text_inner\"><p>5. Annulations et remboursements<\/p><\/div>\n\t\t\t<\/div><div class=\"et_pb_module et_d4_element et_pb_text et_pb_text_11  et_pb_text_align_left et_pb_bg_layout_light\">\n\t\t\t\t\n\t\t\t\t\n\t\t\t\t\n\t\t\t\t\n\t\t\t\t<div class=\"et_pb_text_inner\"><p>Pour nos excursions et activit\u00e9s d'une journ\u00e9e, vous pouvez annuler votre r\u00e9servation jusqu'\u00e0 24 heures avant l'heure de d\u00e9but pr\u00e9vue (heure locale) pour obtenir un remboursement complet. Les annulations effectu\u00e9es dans les 24 heures pr\u00e9c\u00e9dant l'heure de d\u00e9but ne sont pas remboursables. Diff\u00e9rentes politiques d'annulation peuvent s'appliquer aux circuits de plusieurs jours, aux exp\u00e9riences priv\u00e9es ou aux services de tiers, et celles-ci seront clairement indiqu\u00e9es au moment de la r\u00e9servation.  <\/p><\/div>\n\t\t\t<\/div><div class=\"et_pb_module et_d4_element et_pb_divider et_pb_divider_4 et_pb_space\"><div class=\"et_pb_divider_internal\"><\/div><\/div><div class=\"et_pb_module et_d4_element et_pb_text et_pb_text_12  et_pb_text_align_left et_pb_bg_layout_light\">\n\t\t\t\t\n\t\t\t\t\n\t\t\t\t\n\t\t\t\t\n\t\t\t\t<div class=\"et_pb_text_inner\"><p>6. Responsabilit\u00e9s de l'utilisateur<\/p><\/div>\n\t\t\t<\/div><div class=\"et_pb_module et_d4_element et_pb_text et_pb_text_13  et_pb_text_align_left et_pb_bg_layout_light\">\n\t\t\t\t\n\t\t\t\t\n\t\t\t\t\n\t\t\t\t\n\t\t\t\t<div class=\"et_pb_text_inner\"><p>En utilisant notre site ou nos services, vous acceptez de :<\/p>\n<ul>\n<li>Fournir des informations exactes lors de la r\u00e9servation ou de la demande de renseignements.<\/li>\n<li>Respecter les lois, les coutumes et les normes culturelles locales pendant le voyage.<\/li>\n<li>Ne pas copier, republier ou distribuer notre contenu sans autorisation \u00e9crite.<\/li>\n<\/ul><\/div>\n\t\t\t<\/div><div class=\"et_pb_module et_d4_element et_pb_divider et_pb_divider_5 et_pb_space\"><div class=\"et_pb_divider_internal\"><\/div><\/div><div class=\"et_pb_module et_d4_element et_pb_text et_pb_text_14  et_pb_text_align_left et_pb_bg_layout_light\">\n\t\t\t\t\n\t\t\t\t\n\t\t\t\t\n\t\t\t\t\n\t\t\t\t<div class=\"et_pb_text_inner\"><p>7. Propri\u00e9t\u00e9 intellectuelle<\/p><\/div>\n\t\t\t<\/div><div class=\"et_pb_module et_d4_element et_pb_text et_pb_text_15  et_pb_text_align_left et_pb_bg_layout_light\">\n\t\t\t\t\n\t\t\t\t\n\t\t\t\t\n\t\t\t\t\n\t\t\t\t<div class=\"et_pb_text_inner\"><p>Tout le contenu de notre site, y compris les articles, les photographies, les vid\u00e9os, les conceptions et l'image de marque, est la propri\u00e9t\u00e9 de One Life Trips ou lui est conc\u00e9d\u00e9 sous licence. Vous ne pouvez pas le reproduire, le partager ou l'utiliser \u00e0 des fins commerciales sans notre consentement \u00e9crit pr\u00e9alable. <\/p><\/div>\n\t\t\t<\/div><div class=\"et_pb_module et_d4_element et_pb_divider et_pb_divider_6 et_pb_space\"><div class=\"et_pb_divider_internal\"><\/div><\/div><div class=\"et_pb_module et_d4_element et_pb_text et_pb_text_16  et_pb_text_align_left et_pb_bg_layout_light\">\n\t\t\t\t\n\t\t\t\t\n\t\t\t\t\n\t\t\t\t\n\t\t\t\t<div class=\"et_pb_text_inner\"><p>8. Limitation de responsabilit\u00e9<\/p><\/div>\n\t\t\t<\/div><div class=\"et_pb_module et_d4_element et_pb_text et_pb_text_17  et_pb_text_align_left et_pb_bg_layout_light\">\n\t\t\t\t\n\t\t\t\t\n\t\t\t\t\n\t\t\t\t\n\t\t\t\t<div class=\"et_pb_text_inner\"><p>Nous ne sommes pas responsables de :<\/p>\n<ul>\n<li>Les inexactitudes dans les informations de voyage dues \u00e0 des changements dans les conditions locales.<\/li>\n<li>Les pertes, dommages ou retards caus\u00e9s par des tiers, les conditions m\u00e9t\u00e9orologiques ou d'autres \u00e9v\u00e9nements ind\u00e9pendants de notre volont\u00e9.<\/li>\n<li>Les blessures corporelles, les maladies ou la perte d'effets personnels pendant les voyages, sauf si elles sont directement caus\u00e9es par notre n\u00e9gligence.<\/li>\n<\/ul><\/div>\n\t\t\t<\/div><div class=\"et_pb_module et_d4_element et_pb_divider et_pb_divider_7 et_pb_space\"><div class=\"et_pb_divider_internal\"><\/div><\/div><div class=\"et_pb_module et_d4_element et_pb_text et_pb_text_18  et_pb_text_align_left et_pb_bg_layout_light\">\n\t\t\t\t\n\t\t\t\t\n\t\t\t\t\n\t\t\t\t\n\t\t\t\t<div class=\"et_pb_text_inner\"><p>9. Liens et services de tiers<\/p><\/div>\n\t\t\t<\/div><div class=\"et_pb_module et_d4_element et_pb_text et_pb_text_19  et_pb_text_align_left et_pb_bg_layout_light\">\n\t\t\t\t\n\t\t\t\t\n\t\t\t\t\n\t\t\t\t\n\t\t\t\t<div class=\"et_pb_text_inner\"><p>Notre site peut contenir des liens vers des sites web externes ou faire r\u00e9f\u00e9rence \u00e0 des services de tiers. Nous ne sommes pas responsables de leur contenu, de leur exactitude ou de leurs pratiques en mati\u00e8re de confidentialit\u00e9. <\/p><\/div>\n\t\t\t<\/div><div class=\"et_pb_module et_d4_element et_pb_divider et_pb_divider_8 et_pb_space\"><div class=\"et_pb_divider_internal\"><\/div><\/div><div class=\"et_pb_module et_d4_element et_pb_text et_pb_text_20  et_pb_text_align_left et_pb_bg_layout_light\">\n\t\t\t\t\n\t\t\t\t\n\t\t\t\t\n\t\t\t\t\n\t\t\t\t<div class=\"et_pb_text_inner\"><p>10. Modifications des pr\u00e9sentes conditions<\/p><\/div>\n\t\t\t<\/div><div class=\"et_pb_module et_d4_element et_pb_text et_pb_text_21  et_pb_text_align_left et_pb_bg_layout_light\">\n\t\t\t\t\n\t\t\t\t\n\t\t\t\t\n\t\t\t\t\n\t\t\t\t<div class=\"et_pb_text_inner\"><p>Nous pouvons mettre \u00e0 jour ces conditions de temps \u00e0 autre. La version la plus r\u00e9cente sera toujours affich\u00e9e sur notre site web. <\/p><\/div>\n\t\t\t<\/div><div class=\"et_pb_module et_d4_element et_pb_divider et_pb_divider_9 et_pb_space\"><div class=\"et_pb_divider_internal\"><\/div><\/div><div class=\"et_pb_module et_d4_element et_pb_text et_pb_text_22  et_pb_text_align_left et_pb_bg_layout_light\">\n\t\t\t\t\n\t\t\t\t\n\t\t\t\t\n\t\t\t\t\n\t\t\t\t<div class=\"et_pb_text_inner\"><p>11. Nous contacter<\/p><\/div>\n\t\t\t<\/div><div class=\"et_pb_module et_d4_element et_pb_text et_pb_text_23  et_pb_text_align_left et_pb_bg_layout_light\">\n\t\t\t\t\n\t\t\t\t\n\t\t\t\t\n\t\t\t\t\n\t\t\t\t<div class=\"et_pb_text_inner\">Si vous avez des questions sur les pr\u00e9sentes conditions d'utilisation, veuillez contacter :<br \/>\n<strong data-start=\"3115\" data-end=\"3125\">Email :<\/strong> <a href=\"mailto:guests@onelifetrips.com\">guests@onelifetrips.com<\/a><br data-start=\"3142\" data-end=\"3145\"><strong data-start=\"3145\" data-end=\"3155\">T\u00e9l\u00e9phone\/WhatsApp :<\/strong> <a href=\"tel:+212%20611-300-570\">+212 611-300-570<\/a><\/div>\n\t\t\t<\/div><div class=\"et_pb_module et_d4_element et_pb_divider et_pb_divider_10 et_pb_space\"><div class=\"et_pb_divider_internal\"><\/div><\/div>\n\t\t\t<\/div>\n\t\t\t\t\n\t\t\t\t\n\t\t\t\t\n\t\t\t\t\n\t\t\t<\/div>\n\t\t\t\t\n\t\t\t\t\n\t\t\t<\/div><\/p>\n","protected":false},"excerpt":{"rendered":"","protected":false},"author":1,"featured_media":0,"parent":0,"menu_order":0,"comment_status":"closed","ping_status":"closed","template":"","meta":{"_acf_changed":false,"_et_pb_use_builder":"on","_et_pb_old_content":"","_et_gb_content_width":"","footnotes":""},"difl_page_category":[],"class_list":["post-25993098","page","type-page","status-publish","hentry"],"acf":[],"_links":{"self":[{"href":"https:\/\/www.onelifetrips.com\/fr\/wp-json\/wp\/v2\/pages\/25993098","targetHints":{"allow":["GET"]}}],"collection":[{"href":"https:\/\/www.onelifetrips.com\/fr\/wp-json\/wp\/v2\/pages"}],"about":[{"href":"https:\/\/www.onelifetrips.com\/fr\/wp-json\/wp\/v2\/types\/page"}],"author":[{"embeddable":true,"href":"https:\/\/www.onelifetrips.com\/fr\/wp-json\/wp\/v2\/users\/1"}],"replies":[{"embeddable":true,"href":"https:\/\/www.onelifetrips.com\/fr\/wp-json\/wp\/v2\/comments?post=25993098"}],"version-history":[{"count":0,"href":"https:\/\/www.onelifetrips.com\/fr\/wp-json\/wp\/v2\/pages\/25993098\/revisions"}],"wp:attachment":[{"href":"https:\/\/www.onelifetrips.com\/fr\/wp-json\/wp\/v2\/media?parent=25993098"}],"wp:term":[{"taxonomy":"difl_page_category","embeddable":true,"href":"https:\/\/www.onelifetrips.com\/fr\/wp-json\/wp\/v2\/difl_page_category?post=25993098"}],"curies":[{"name":"wp","href":"https:\/\/api.w.org\/{rel}","templated":true}]}}